{"id":8407,"date":"2022-05-05T16:42:52","date_gmt":"2022-05-05T16:42:52","guid":{"rendered":"https:\/\/meblotex.com.pl\/?post_type=product&#038;p=8407"},"modified":"2025-08-27T06:46:27","modified_gmt":"2025-08-27T06:46:27","slug":"nogi-metalowe-do-stolu","status":"publish","type":"product","link":"https:\/\/meblotex.com.pl\/en\/produkt\/nogi-metalowe-do-stolu\/","title":{"rendered":"Nogi metalowe do sto\u0142u"},"content":{"rendered":"<h4>Nogi metalowe do sto\u0142u<\/h4>\n<p><b>Nogi metalowe do sto\u0142u &#8211; wymiary konstrukcji 75 x 72cm.<\/b> 5 nawiert\u00f3w technicznych u\u0142atwiaj\u0105cych samodzielny monta\u017c. Brak widocznych spoin (spaw\u00f3w). \u00a0<strong>P<\/strong><b>odana cenna dotyczy 1 kpl.<\/b> Mo\u017cliwo\u015b\u0107 realizacji zam\u00f3wie\u0144 hurtowych.<\/p>\n<p>G\u0142\u00f3wne cechy naszych produkt\u00f3w:<\/p>\n<ul>\n<li>wysoka jako\u015b\u0107 &#8211; odporno\u015b\u0107 na rdzewienie, zarysowania, uszkodzenia mechaniczne<\/li>\n<li>dba\u0142o\u015b\u0107 o detale i estetyk\u0119 produktu<\/li>\n<li>bezpiecze\u0144stwo u\u017cytkowania<\/li>\n<li>\u0142atwy, intuicyjny monta\u017c<\/li>\n<li>polska produkcja<\/li>\n<li>najwy\u017csza klasa u\u017cytych surowc\u00f3w oraz maszyn produkcyjnych<\/li>\n<\/ul>\n<p>Zobacz r\u00f3wnie\u017c inne nasze konstrukcje stalowe w popularnym stylu loftowym &#8211;\u00a0<a href=\"http:\/\/www.mosqito.com.pl\">kliknij<\/a>. Je\u015bli jeste\u015b zainteresowany wsp\u00f3\u0142prac\u0105 hurtow\u0105 lub prowadzisz sklep zobacz nasze pozosta\u0142e produkty &#8211; <a href=\"https:\/\/meblotex.com.pl\/shop\/\">kliknij<\/a>\u00a0nie czekaj skontaktuj si\u0119 z nami ju\u017c dzi\u015b a my przedstawimy Ci nasz\u0105 ofert\u0119 dla klient\u00f3w hurtowych.<\/p>\n<p>&nbsp;<\/p>\n","protected":false},"excerpt":{"rendered":"<p>Noga w stylu loft idealna do sto\u0142\u00f3w, stolik\u00f3w, konsoli, toaletek itp. Wykonana z profili o wymiarach\u00a060 x 20 x 1.5 mm.<\/p>\n","protected":false},"featured_media":8408,"comment_status":"closed","ping_status":"closed","template":"","meta":[],"product_cat":[330,341],"product_tag":[337,142,334,152,114],"_links":{"self":[{"href":"https:\/\/meblotex.com.pl\/en\/wp-json\/wp\/v2\/product\/8407"}],"collection":[{"href":"https:\/\/meblotex.com.pl\/en\/wp-json\/wp\/v2\/product"}],"about":[{"href":"https:\/\/meblotex.com.pl\/en\/wp-json\/wp\/v2\/types\/product"}],"replies":[{"embeddable":true,"href":"https:\/\/meblotex.com.pl\/en\/wp-json\/wp\/v2\/comments?post=8407"}],"wp:featuredmedia":[{"embeddable":true,"href":"https:\/\/meblotex.com.pl\/en\/wp-json\/wp\/v2\/media\/8408"}],"wp:attachment":[{"href":"https:\/\/meblotex.com.pl\/en\/wp-json\/wp\/v2\/media?parent=8407"}],"wp:term":[{"taxonomy":"product_cat","embeddable":true,"href":"https:\/\/meblotex.com.pl\/en\/wp-json\/wp\/v2\/product_cat?post=8407"},{"taxonomy":"product_tag","embeddable":true,"href":"https:\/\/meblotex.com.pl\/en\/wp-json\/wp\/v2\/product_tag?post=8407"}],"curies":[{"name":"wp","href":"https:\/\/api.w.org\/{rel}","templated":true}]}}