{"id":8402,"date":"2022-05-05T16:30:02","date_gmt":"2022-05-05T16:30:02","guid":{"rendered":"https:\/\/meblotex.com.pl\/?post_type=product&#038;p=8402"},"modified":"2022-05-05T16:30:04","modified_gmt":"2022-05-05T16:30:04","slug":"metalowy-wieszak-na-reczniki","status":"publish","type":"product","link":"https:\/\/meblotex.com.pl\/en\/produkt\/metalowy-wieszak-na-reczniki\/","title":{"rendered":"Metalowy wieszak na r\u0119czniki"},"content":{"rendered":"<h4>Metalowy wieszak na r\u0119czniki<\/h4>\n<p>Metalowy wieszak na r\u0119czniki &#8211; g\u0142\u00f3wne cechy naszych produkt\u00f3w:<\/p>\n<ul>\n<li>&#8211; wysoka jako\u015b\u0107 &#8211; odporno\u015b\u0107 na rdzewienie, zarysowania, uszkodzenia mechaniczne<\/li>\n<li>&#8211; dba\u0142o\u015b\u0107 o detale i estetyk\u0119 produktu<\/li>\n<li>&#8211; bezpiecze\u0144stwo u\u017cytkowania<\/li>\n<li>&#8211; \u0142atwy, intuicyjny monta\u017c<\/li>\n<li>&#8211; polska produkcja<\/li>\n<li>&#8211; najwy\u017csza klasa u\u017cytych surowc\u00f3w oraz maszyn produkcyjnyc<\/li>\n<\/ul>\n<p>Zobacz r\u00f3wnie\u017c inne nasze konstrukcje stalowe w popularnym stylu loftowym &#8211;\u00a0<a href=\"http:\/\/www.mosqito.com.pl\">kliknij<\/a>. Je\u015bli jeste\u015b zainteresowany wsp\u00f3\u0142prac\u0105 hurtow\u0105 lub prowadzisz sklep zobacz nasze pozosta\u0142e produkty &#8211; <a href=\"https:\/\/meblotex.com.pl\/shop\/\">kliknij<\/a>\u00a0nie czekaj skontaktuj si\u0119 z nami ju\u017c dzi\u015b a my przedstawimy Ci nasz\u0105 ofert\u0119 dla klient\u00f3w hurtowych.<\/p>\n<p>&nbsp;<\/p>\n","protected":false},"excerpt":{"rendered":"<p>Oryginalny wieszak na r\u0119czniki w stylu loft. Odporny na wilgo\u0107, zatem idealnie nadaje si\u0119 do \u0142azienki. Malowany proszkowo na czarno.<\/p>\n","protected":false},"featured_media":8405,"comment_status":"closed","ping_status":"closed","template":"","meta":[],"product_cat":[340],"product_tag":[154,337,115,142,44,45,50,333,334,152],"_links":{"self":[{"href":"https:\/\/meblotex.com.pl\/en\/wp-json\/wp\/v2\/product\/8402"}],"collection":[{"href":"https:\/\/meblotex.com.pl\/en\/wp-json\/wp\/v2\/product"}],"about":[{"href":"https:\/\/meblotex.com.pl\/en\/wp-json\/wp\/v2\/types\/product"}],"replies":[{"embeddable":true,"href":"https:\/\/meblotex.com.pl\/en\/wp-json\/wp\/v2\/comments?post=8402"}],"wp:featuredmedia":[{"embeddable":true,"href":"https:\/\/meblotex.com.pl\/en\/wp-json\/wp\/v2\/media\/8405"}],"wp:attachment":[{"href":"https:\/\/meblotex.com.pl\/en\/wp-json\/wp\/v2\/media?parent=8402"}],"wp:term":[{"taxonomy":"product_cat","embeddable":true,"href":"https:\/\/meblotex.com.pl\/en\/wp-json\/wp\/v2\/product_cat?post=8402"},{"taxonomy":"product_tag","embeddable":true,"href":"https:\/\/meblotex.com.pl\/en\/wp-json\/wp\/v2\/product_tag?post=8402"}],"curies":[{"name":"wp","href":"https:\/\/api.w.org\/{rel}","templated":true}]}}