{"id":8303,"date":"2021-09-01T12:26:12","date_gmt":"2021-09-01T12:26:12","guid":{"rendered":"https:\/\/meblotex.com.pl\/?post_type=product&#038;p=8303"},"modified":"2022-05-06T17:31:04","modified_gmt":"2022-05-06T17:31:04","slug":"kolekcja-mebli-systemowych-karo","status":"publish","type":"product","link":"https:\/\/meblotex.com.pl\/en\/produkt\/kolekcja-mebli-systemowych-karo\/","title":{"rendered":"Kolekcja mebli systemowych Karo"},"content":{"rendered":"<p>Meble systemowe Karo \u2013 to najnowsza kolekcja firmy Meblotex kt\u00f3r\u0105 stworzyli\u015bmy w\u0142a\u015bnie dla Ciebie! Karo idealnie wpisuj\u0105 si\u0119 w nurt nowoczesnego, skandynawskiego wzornictwa, jednak z wyra\u017anym nawi\u0105zaniem do retro designu z po\u0142owy XX wieku. Minimalistyczna forma i stonowana kolorystyka sprawiaj\u0105, \u017ce meble te pasuj\u0105 do wielu wn\u0119trz. Karo to kontrastowe, oryginalne po\u0142\u0105czenie zawsze modnej bieli ze szlachetnym d\u0119bem, kt\u00f3re rozja\u015bni wn\u0119trze i nada mu atmosfer\u0119 przytulno\u015bci.<\/p>\n","protected":false},"excerpt":{"rendered":"<p>Meble systemowe Karo \u2013 to najnowsza kolekcja firmy Meblotex kt\u00f3r\u0105 stworzyli\u015bmy w\u0142a\u015bnie dla Ciebie! Karo idealnie wpisuj\u0105 si\u0119 w nurt nowoczesnego, skandynawskiego wzornictwa, jednak z wyra\u017anym nawi\u0105zaniem do retro designu z po\u0142owy XX wieku. Minimalistyczna forma i stonowana kolorystyka sprawiaj\u0105, [&hellip;]<\/p>\n","protected":false},"featured_media":8246,"comment_status":"closed","ping_status":"closed","template":"","meta":[],"product_cat":[93,354],"product_tag":[],"_links":{"self":[{"href":"https:\/\/meblotex.com.pl\/en\/wp-json\/wp\/v2\/product\/8303"}],"collection":[{"href":"https:\/\/meblotex.com.pl\/en\/wp-json\/wp\/v2\/product"}],"about":[{"href":"https:\/\/meblotex.com.pl\/en\/wp-json\/wp\/v2\/types\/product"}],"replies":[{"embeddable":true,"href":"https:\/\/meblotex.com.pl\/en\/wp-json\/wp\/v2\/comments?post=8303"}],"wp:featuredmedia":[{"embeddable":true,"href":"https:\/\/meblotex.com.pl\/en\/wp-json\/wp\/v2\/media\/8246"}],"wp:attachment":[{"href":"https:\/\/meblotex.com.pl\/en\/wp-json\/wp\/v2\/media?parent=8303"}],"wp:term":[{"taxonomy":"product_cat","embeddable":true,"href":"https:\/\/meblotex.com.pl\/en\/wp-json\/wp\/v2\/product_cat?post=8303"},{"taxonomy":"product_tag","embeddable":true,"href":"https:\/\/meblotex.com.pl\/en\/wp-json\/wp\/v2\/product_tag?post=8303"}],"curies":[{"name":"wp","href":"https:\/\/api.w.org\/{rel}","templated":true}]}}